{"id":5297,"date":"2024-09-26T13:29:13","date_gmt":"2024-09-26T11:29:13","guid":{"rendered":"https:\/\/bardill.aretis-staging.ch\/?page_id=5297"},"modified":"2024-12-12T12:39:41","modified_gmt":"2024-12-12T11:39:41","slug":"ski-service","status":"publish","type":"page","link":"https:\/\/www.bardill-sport.ch\/en\/service\/ski-service\/","title":{"rendered":"Ski service"},"content":{"rendered":"<div data-elementor-type=\"wp-page\" data-elementor-id=\"5297\" class=\"elementor elementor-5297\" data-elementor-post-type=\"page\">\n\t\t\t\t<div class=\"elementor-element elementor-element-a0266c3 e-flex e-con-boxed e-con e-parent\" data-id=\"a0266c3\" data-element_type=\"container\" data-e-type=\"container\" data-settings=\"{&quot;background_background&quot;:&quot;classic&quot;}\">\n\t\t\t\t\t<div class=\"e-con-inner\">\n\t\t\t\t\t<\/div>\n\t\t\t\t<\/div>\n\t\t<div class=\"elementor-element elementor-element-a83798f e-flex e-con-boxed e-con e-parent\" data-id=\"a83798f\" data-element_type=\"container\" data-e-type=\"container\">\n\t\t\t\t\t<div class=\"e-con-inner\">\n\t\t<div class=\"elementor-element elementor-element-bb2e2a7 e-con-full e-flex e-con e-child\" data-id=\"bb2e2a7\" data-element_type=\"container\" data-e-type=\"container\">\n\t\t\t\t<div class=\"elementor-element elementor-element-8871c64 elementor-widget elementor-widget-heading\" data-id=\"8871c64\" data-element_type=\"widget\" data-e-type=\"widget\" data-widget_type=\"heading.default\">\n\t\t\t\t<div class=\"elementor-widget-container\">\n\t\t\t\t\t<h1 class=\"elementor-heading-title elementor-size-default\">Ski service in Klosters &amp; Davos\n<\/h1>\t\t\t\t<\/div>\n\t\t\t\t<\/div>\n\t\t\t\t<div class=\"elementor-element elementor-element-948f706 elementor-widget-divider--view-line elementor-widget elementor-widget-divider\" data-id=\"948f706\" data-element_type=\"widget\" data-e-type=\"widget\" data-widget_type=\"divider.default\">\n\t\t\t\t<div class=\"elementor-widget-container\">\n\t\t\t\t\t\t\t<div class=\"elementor-divider\">\n\t\t\t<span class=\"elementor-divider-separator\">\n\t\t\t\t\t\t<\/span>\n\t\t<\/div>\n\t\t\t\t\t\t<\/div>\n\t\t\t\t<\/div>\n\t\t\t\t<\/div>\n\t\t<div class=\"elementor-element elementor-element-e5b1b89 e-con-full e-flex e-con e-child\" data-id=\"e5b1b89\" data-element_type=\"container\" data-e-type=\"container\">\n\t\t<div class=\"elementor-element elementor-element-2330438 e-con-full e-flex e-con e-child\" data-id=\"2330438\" data-element_type=\"container\" data-e-type=\"container\">\n\t\t\t\t<div class=\"elementor-element elementor-element-ba3e175 elementor-widget elementor-widget-heading\" data-id=\"ba3e175\" data-element_type=\"widget\" data-e-type=\"widget\" data-widget_type=\"heading.default\">\n\t\t\t\t<div class=\"elementor-widget-container\">\n\t\t\t\t\t<h3 class=\"elementor-heading-title elementor-size-default\">State-of-the-art machines<\/h3>\t\t\t\t<\/div>\n\t\t\t\t<\/div>\n\t\t\t\t<div class=\"elementor-element elementor-element-58e5adf elementor-widget elementor-widget-text-editor\" data-id=\"58e5adf\" data-element_type=\"widget\" data-e-type=\"widget\" data-widget_type=\"text-editor.default\">\n\t\t\t\t<div class=\"elementor-widget-container\">\n\t\t\t\t\t\t\t\t\t<p>We want to give every athlete the opportunity to get the best out of themselves. That's why we sharpen the edges of your skis and snowboards overnight using state-of-the-art Montana sharpening machines. We wax and repair the base.<\/p>\t\t\t\t\t\t\t\t<\/div>\n\t\t\t\t<\/div>\n\t\t\t\t<\/div>\n\t\t<div class=\"elementor-element elementor-element-10d7349 e-con-full e-flex e-con e-child\" data-id=\"10d7349\" data-element_type=\"container\" data-e-type=\"container\">\n\t\t\t\t<div class=\"elementor-element elementor-element-bb3e80b elementor-widget elementor-widget-heading\" data-id=\"bb3e80b\" data-element_type=\"widget\" data-e-type=\"widget\" data-widget_type=\"heading.default\">\n\t\t\t\t<div class=\"elementor-widget-container\">\n\t\t\t\t\t<h3 class=\"elementor-heading-title elementor-size-default\">Service packages<\/h3>\t\t\t\t<\/div>\n\t\t\t\t<\/div>\n\t\t\t\t<div class=\"elementor-element elementor-element-59ba006 elementor-widget elementor-widget-text-editor\" data-id=\"59ba006\" data-element_type=\"widget\" data-e-type=\"widget\" data-widget_type=\"text-editor.default\">\n\t\t\t\t<div class=\"elementor-widget-container\">\n\t\t\t\t\t\t\t\t\tWe also check the material for safety and function. Depending on your wishes and requirements, we offer various service packages - including a race finish. Your skis and snowboards are individually and lovingly prepared by hand according to your requirements.\t\t\t\t\t\t\t\t<\/div>\n\t\t\t\t<\/div>\n\t\t\t\t<\/div>\n\t\t\t\t<\/div>\n\t\t\t\t\t<\/div>\n\t\t\t\t<\/div>\n\t\t<div class=\"elementor-element elementor-element-2b25455 e-flex e-con-boxed e-con e-parent\" data-id=\"2b25455\" data-element_type=\"container\" data-e-type=\"container\" data-settings=\"{&quot;background_background&quot;:&quot;classic&quot;}\">\n\t\t\t\t\t<div class=\"e-con-inner\">\n\t\t<div class=\"elementor-element elementor-element-710f73c e-con-full e-flex e-con e-child\" data-id=\"710f73c\" data-element_type=\"container\" data-e-type=\"container\">\n\t\t\t\t<div class=\"elementor-element elementor-element-5e5ba80 elementor-widget elementor-widget-image\" data-id=\"5e5ba80\" data-element_type=\"widget\" data-e-type=\"widget\" data-widget_type=\"image.default\">\n\t\t\t\t<div class=\"elementor-widget-container\">\n\t\t\t\t\t\t\t\t\t\t\t\t\t\t\t\t<a href=\"https:\/\/www.bardill-sport.ch\/wp-content\/uploads\/2024\/09\/ski-service4.jpg\" data-elementor-open-lightbox=\"yes\" data-e-action-hash=\"#elementor-action%3Aaction%3Dlightbox%26settings%3DeyJpZCI6NTMxOSwidXJsIjoiaHR0cHM6XC9cL3d3dy5iYXJkaWxsLXNwb3J0LmNoXC93cC1jb250ZW50XC91cGxvYWRzXC8yMDI0XC8wOVwvc2tpLXNlcnZpY2U0LmpwZyJ9\">\n\t\t\t\t\t\t\t<img alt=\"\" fetchpriority=\"high\" decoding=\"async\" width=\"1500\" height=\"1000\" src=\"https:\/\/www.bardill-sport.ch\/wp-content\/uploads\/2024\/09\/ski-service4.jpg\" class=\"attachment-full size-full wp-image-5319\" srcset=\"https:\/\/www.bardill-sport.ch\/wp-content\/uploads\/2024\/09\/ski-service4.jpg 1500w, https:\/\/www.bardill-sport.ch\/wp-content\/uploads\/2024\/09\/ski-service4-300x200.jpg 300w, https:\/\/www.bardill-sport.ch\/wp-content\/uploads\/2024\/09\/ski-service4-1024x683.jpg 1024w, https:\/\/www.bardill-sport.ch\/wp-content\/uploads\/2024\/09\/ski-service4-768x512.jpg 768w\" sizes=\"(max-width: 1500px) 100vw, 1500px\" \/>\t\t\t\t\t\t\t\t<\/a>\n\t\t\t\t\t\t\t\t\t\t\t\t\t\t\t<\/div>\n\t\t\t\t<\/div>\n\t\t\t\t<div class=\"elementor-element elementor-element-8965040 elementor-widget elementor-widget-image\" data-id=\"8965040\" data-element_type=\"widget\" data-e-type=\"widget\" data-widget_type=\"image.default\">\n\t\t\t\t<div class=\"elementor-widget-container\">\n\t\t\t\t\t\t\t\t\t\t\t\t\t\t\t\t<a href=\"https:\/\/www.bardill-sport.ch\/wp-content\/uploads\/2024\/12\/IMG_2613-2.jpg\" data-elementor-open-lightbox=\"yes\" data-elementor-lightbox-title=\"IMG_2613-2\" data-e-action-hash=\"#elementor-action%3Aaction%3Dlightbox%26settings%3DeyJpZCI6NzA1NywidXJsIjoiaHR0cHM6XC9cL3d3dy5iYXJkaWxsLXNwb3J0LmNoXC93cC1jb250ZW50XC91cGxvYWRzXC8yMDI0XC8xMlwvSU1HXzI2MTMtMi5qcGcifQ%3D%3D\">\n\t\t\t\t\t\t\t<img alt=\"\" decoding=\"async\" width=\"2500\" height=\"1667\" src=\"https:\/\/www.bardill-sport.ch\/wp-content\/uploads\/2024\/12\/IMG_2613-2.jpg\" class=\"attachment-full size-full wp-image-7057\" srcset=\"https:\/\/www.bardill-sport.ch\/wp-content\/uploads\/2024\/12\/IMG_2613-2.jpg 2500w, https:\/\/www.bardill-sport.ch\/wp-content\/uploads\/2024\/12\/IMG_2613-2-300x200.jpg 300w, https:\/\/www.bardill-sport.ch\/wp-content\/uploads\/2024\/12\/IMG_2613-2-1024x683.jpg 1024w, https:\/\/www.bardill-sport.ch\/wp-content\/uploads\/2024\/12\/IMG_2613-2-768x512.jpg 768w, https:\/\/www.bardill-sport.ch\/wp-content\/uploads\/2024\/12\/IMG_2613-2-1536x1024.jpg 1536w, https:\/\/www.bardill-sport.ch\/wp-content\/uploads\/2024\/12\/IMG_2613-2-2048x1366.jpg 2048w\" sizes=\"(max-width: 2500px) 100vw, 2500px\" \/>\t\t\t\t\t\t\t\t<\/a>\n\t\t\t\t\t\t\t\t\t\t\t\t\t\t\t<\/div>\n\t\t\t\t<\/div>\n\t\t\t\t<\/div>\n\t\t<div class=\"elementor-element elementor-element-93f1450 e-con-full e-flex e-con e-child\" data-id=\"93f1450\" data-element_type=\"container\" data-e-type=\"container\">\n\t\t\t\t<div class=\"elementor-element elementor-element-efa1aba elementor-widget elementor-widget-heading\" data-id=\"efa1aba\" data-element_type=\"widget\" data-e-type=\"widget\" data-widget_type=\"heading.default\">\n\t\t\t\t<div class=\"elementor-widget-container\">\n\t\t\t\t\t<h3 class=\"elementor-heading-title elementor-size-default\">Precise grinding<\/h3>\t\t\t\t<\/div>\n\t\t\t\t<\/div>\n\t\t\t\t<div class=\"elementor-element elementor-element-0ea62ca elementor-widget elementor-widget-text-editor\" data-id=\"0ea62ca\" data-element_type=\"widget\" data-e-type=\"widget\" data-widget_type=\"text-editor.default\">\n\t\t\t\t<div class=\"elementor-widget-container\">\n\t\t\t\t\t\t\t\t\t<p>It's time to get your winter sports equipment back in shape. Our modern grinding machine from Montana ensures precise grinding and therefore the best turning ability and perfect grip on the slopes. <\/p>\t\t\t\t\t\t\t\t<\/div>\n\t\t\t\t<\/div>\n\t\t\t\t<div class=\"elementor-element elementor-element-cae2b0e elementor-position-inline-start elementor-mobile-position-inline-start elementor-view-default elementor-widget elementor-widget-icon-box\" data-id=\"cae2b0e\" data-element_type=\"widget\" data-e-type=\"widget\" data-widget_type=\"icon-box.default\">\n\t\t\t\t<div class=\"elementor-widget-container\">\n\t\t\t\t\t\t\t<div class=\"elementor-icon-box-wrapper\">\n\n\t\t\t\t\t\t<div class=\"elementor-icon-box-icon\">\n\t\t\t\t<a href=\"#elementor-action%3Aaction%3Dpopup%3Aopen%26settings%3DeyJpZCI6IjUwMDYiLCJ0b2dnbGUiOmZhbHNlfQ%3D%3D\" class=\"elementor-icon\" tabindex=\"-1\" aria-label=\"Book ski service\">\n\t\t\t\t<i aria-hidden=\"true\" class=\"fas fa-calendar-check\"><\/i>\t\t\t\t<\/a>\n\t\t\t<\/div>\n\t\t\t\n\t\t\t\t\t\t<div class=\"elementor-icon-box-content\">\n\n\t\t\t\t\t\t\t\t\t<h3 class=\"elementor-icon-box-title\">\n\t\t\t\t\t\t<a href=\"#elementor-action%3Aaction%3Dpopup%3Aopen%26settings%3DeyJpZCI6IjUwMDYiLCJ0b2dnbGUiOmZhbHNlfQ%3D%3D\" >\n\t\t\t\t\t\t\tBook ski service\t\t\t\t\t\t<\/a>\n\t\t\t\t\t<\/h3>\n\t\t\t\t\n\t\t\t\t\n\t\t\t<\/div>\n\t\t\t\n\t\t<\/div>\n\t\t\t\t\t\t<\/div>\n\t\t\t\t<\/div>\n\t\t\t\t<\/div>\n\t\t\t\t\t<\/div>\n\t\t\t\t<\/div>\n\t\t\t\t<\/div>","protected":false},"excerpt":{"rendered":"<p>Ski-Service in Klosters &amp; Davos Modernste Maschinen Wir wollen jedem Sportler die M\u00f6glichkeit geben, das Beste aus sich herauszuholen. Deshalb sch\u00e4rfen wir mit modernsten Montana-Schleifmaschinen \u00fcber Nacht die Kanten Ihrer Skis und Snowboards. Wir wachsen und reparieren den Belag. Service-Pakete Ausserdem kontrollieren wir das Material auf Sicherheit und Funktion. Je nach Wunsch und Anspruch haben [&hellip;]<\/p>\n","protected":false},"author":2,"featured_media":0,"parent":4301,"menu_order":3,"comment_status":"closed","ping_status":"closed","template":"","meta":{"_seopress_robots_primary_cat":"","_seopress_titles_title":"","_seopress_titles_desc":"","_seopress_robots_index":"","footnotes":""},"folder":[],"class_list":["post-5297","page","type-page","status-publish","hentry"],"_links":{"self":[{"href":"https:\/\/www.bardill-sport.ch\/en\/wp-json\/wp\/v2\/pages\/5297","targetHints":{"allow":["GET"]}}],"collection":[{"href":"https:\/\/www.bardill-sport.ch\/en\/wp-json\/wp\/v2\/pages"}],"about":[{"href":"https:\/\/www.bardill-sport.ch\/en\/wp-json\/wp\/v2\/types\/page"}],"author":[{"embeddable":true,"href":"https:\/\/www.bardill-sport.ch\/en\/wp-json\/wp\/v2\/users\/2"}],"replies":[{"embeddable":true,"href":"https:\/\/www.bardill-sport.ch\/en\/wp-json\/wp\/v2\/comments?post=5297"}],"version-history":[{"count":10,"href":"https:\/\/www.bardill-sport.ch\/en\/wp-json\/wp\/v2\/pages\/5297\/revisions"}],"predecessor-version":[{"id":7129,"href":"https:\/\/www.bardill-sport.ch\/en\/wp-json\/wp\/v2\/pages\/5297\/revisions\/7129"}],"up":[{"embeddable":true,"href":"https:\/\/www.bardill-sport.ch\/en\/wp-json\/wp\/v2\/pages\/4301"}],"wp:attachment":[{"href":"https:\/\/www.bardill-sport.ch\/en\/wp-json\/wp\/v2\/media?parent=5297"}],"wp:term":[{"taxonomy":"folder","embeddable":true,"href":"https:\/\/www.bardill-sport.ch\/en\/wp-json\/wp\/v2\/folder?post=5297"}],"curies":[{"name":"wp","href":"https:\/\/api.w.org\/{rel}","templated":true}]}}