{"id":4303,"date":"2024-08-27T14:36:22","date_gmt":"2024-08-27T12:36:22","guid":{"rendered":"https:\/\/bardill.aretis-staging.ch\/?page_id=4303"},"modified":"2025-10-14T15:59:04","modified_gmt":"2025-10-14T13:59:04","slug":"about-us","status":"publish","type":"page","link":"https:\/\/www.bardill-sport.ch\/en\/ueber-uns\/","title":{"rendered":"About us"},"content":{"rendered":"<div data-elementor-type=\"wp-page\" data-elementor-id=\"4303\" class=\"elementor elementor-4303\" data-elementor-post-type=\"page\">\n\t\t\t\t<div class=\"elementor-element elementor-element-3748d7c e-flex e-con-boxed e-con e-parent\" data-id=\"3748d7c\" data-element_type=\"container\" data-e-type=\"container\">\n\t\t\t\t\t<div class=\"e-con-inner\">\n\t\t<div class=\"elementor-element elementor-element-356e02f e-con-full e-flex e-con e-child\" data-id=\"356e02f\" data-element_type=\"container\" data-e-type=\"container\">\n\t\t\t\t<div class=\"elementor-element elementor-element-fee4e77 elementor-widget elementor-widget-heading\" data-id=\"fee4e77\" data-element_type=\"widget\" data-e-type=\"widget\" data-widget_type=\"heading.default\">\n\t\t\t\t<div class=\"elementor-widget-container\">\n\t\t\t\t\t<h2 class=\"elementor-heading-title elementor-size-default\">1990<br>The journey begins<\/h2>\t\t\t\t<\/div>\n\t\t\t\t<\/div>\n\t\t\t\t<\/div>\n\t\t<div class=\"elementor-element elementor-element-0e89521 e-con-full e-flex e-con e-child\" data-id=\"0e89521\" data-element_type=\"container\" data-e-type=\"container\">\n\t\t\t\t<div class=\"elementor-element elementor-element-6cf0ae5 elementor-widget elementor-widget-text-editor\" data-id=\"6cf0ae5\" data-element_type=\"widget\" data-e-type=\"widget\" data-widget_type=\"text-editor.default\">\n\t\t\t\t<div class=\"elementor-widget-container\">\n\t\t\t\t\t\t\t\t\t<p>Christian Bardill starts his own sports retail business in Klosters Dorf with Albeina Sport.<\/p>\t\t\t\t\t\t\t\t<\/div>\n\t\t\t\t<\/div>\n\t\t\t\t<\/div>\n\t\t<div class=\"elementor-element elementor-element-497ec6e e-con-full e-flex e-con e-child\" data-id=\"497ec6e\" data-element_type=\"container\" data-e-type=\"container\">\n\t\t\t\t<div class=\"elementor-element elementor-element-19b9cd4 elementor-widget elementor-widget-image\" data-id=\"19b9cd4\" data-element_type=\"widget\" data-e-type=\"widget\" data-widget_type=\"image.default\">\n\t\t\t\t<div class=\"elementor-widget-container\">\n\t\t\t\t\t\t\t\t\t\t\t\t\t\t\t<img alt=\"\" fetchpriority=\"high\" decoding=\"async\" width=\"304\" height=\"203\" src=\"https:\/\/www.bardill-sport.ch\/wp-content\/uploads\/2025\/10\/image.jpg\" class=\"attachment-large size-large wp-image-7845\" srcset=\"https:\/\/www.bardill-sport.ch\/wp-content\/uploads\/2025\/10\/image.jpg 304w, https:\/\/www.bardill-sport.ch\/wp-content\/uploads\/2025\/10\/image-300x200.jpg 300w, https:\/\/www.bardill-sport.ch\/wp-content\/uploads\/2025\/10\/image-18x12.jpg 18w\" sizes=\"(max-width: 304px) 100vw, 304px\" \/>\t\t\t\t\t\t\t\t\t\t\t\t\t\t\t<\/div>\n\t\t\t\t<\/div>\n\t\t\t\t<\/div>\n\t\t\t\t\t<\/div>\n\t\t\t\t<\/div>\n\t\t<div class=\"elementor-element elementor-element-b8453e3 e-flex e-con-boxed e-con e-parent\" data-id=\"b8453e3\" data-element_type=\"container\" data-e-type=\"container\">\n\t\t\t\t\t<div class=\"e-con-inner\">\n\t\t<div class=\"elementor-element elementor-element-199c7ea e-con-full e-flex e-con e-child\" data-id=\"199c7ea\" data-element_type=\"container\" data-e-type=\"container\">\n\t\t\t\t<div class=\"elementor-element elementor-element-d324c7e elementor-widget elementor-widget-image\" data-id=\"d324c7e\" data-element_type=\"widget\" data-e-type=\"widget\" data-widget_type=\"image.default\">\n\t\t\t\t<div class=\"elementor-widget-container\">\n\t\t\t\t\t\t\t\t\t\t\t\t\t\t\t<img alt=\"\" decoding=\"async\" width=\"800\" height=\"302\" src=\"https:\/\/www.bardill-sport.ch\/wp-content\/uploads\/2024\/12\/aussen-1024x387.jpg\" class=\"attachment-large size-large wp-image-7435\" srcset=\"https:\/\/www.bardill-sport.ch\/wp-content\/uploads\/2024\/12\/aussen-1024x387.jpg 1024w, https:\/\/www.bardill-sport.ch\/wp-content\/uploads\/2024\/12\/aussen-300x113.jpg 300w, https:\/\/www.bardill-sport.ch\/wp-content\/uploads\/2024\/12\/aussen-768x290.jpg 768w, https:\/\/www.bardill-sport.ch\/wp-content\/uploads\/2024\/12\/aussen-1536x581.jpg 1536w, https:\/\/www.bardill-sport.ch\/wp-content\/uploads\/2024\/12\/aussen-2048x774.jpg 2048w\" sizes=\"(max-width: 800px) 100vw, 800px\" \/>\t\t\t\t\t\t\t\t\t\t\t\t\t\t\t<\/div>\n\t\t\t\t<\/div>\n\t\t\t\t<\/div>\n\t\t<div class=\"elementor-element elementor-element-dbf8f6f e-con-full e-flex e-con e-child\" data-id=\"dbf8f6f\" data-element_type=\"container\" data-e-type=\"container\">\n\t\t\t\t<div class=\"elementor-element elementor-element-75759bc elementor-widget elementor-widget-text-editor\" data-id=\"75759bc\" data-element_type=\"widget\" data-e-type=\"widget\" data-widget_type=\"text-editor.default\">\n\t\t\t\t<div class=\"elementor-widget-container\">\n\t\t\t\t\t\t\t\t\t<p>With the takeover of the former Casparis Sport in Klosters Platz. The new name Bardill Sport is also introduced.  The first step was to renovate the store in order to offer customers a new shopping experience.<\/p>\t\t\t\t\t\t\t\t<\/div>\n\t\t\t\t<\/div>\n\t\t\t\t<\/div>\n\t\t<div class=\"elementor-element elementor-element-058edb8 e-con-full e-flex e-con e-child\" data-id=\"058edb8\" data-element_type=\"container\" data-e-type=\"container\">\n\t\t\t\t<div class=\"elementor-element elementor-element-53c4dd1 elementor-widget elementor-widget-heading\" data-id=\"53c4dd1\" data-element_type=\"widget\" data-e-type=\"widget\" data-widget_type=\"heading.default\">\n\t\t\t\t<div class=\"elementor-widget-container\">\n\t\t\t\t\t<h2 class=\"elementor-heading-title elementor-size-default\">2000<br>Off to the<br>Place<\/h2>\t\t\t\t<\/div>\n\t\t\t\t<\/div>\n\t\t\t\t<\/div>\n\t\t\t\t\t<\/div>\n\t\t\t\t<\/div>\n\t\t<div class=\"elementor-element elementor-element-aa97ca4 e-flex e-con-boxed e-con e-parent\" data-id=\"aa97ca4\" data-element_type=\"container\" data-e-type=\"container\">\n\t\t\t\t\t<div class=\"e-con-inner\">\n\t\t<div class=\"elementor-element elementor-element-4c04a10 e-con-full e-flex e-con e-child\" data-id=\"4c04a10\" data-element_type=\"container\" data-e-type=\"container\">\n\t\t\t\t<div class=\"elementor-element elementor-element-04b4436 elementor-widget elementor-widget-heading\" data-id=\"04b4436\" data-element_type=\"widget\" data-e-type=\"widget\" data-widget_type=\"heading.default\">\n\t\t\t\t<div class=\"elementor-widget-container\">\n\t\t\t\t\t<h2 class=\"elementor-heading-title elementor-size-default\">2006<br>Rental center<\/h2>\t\t\t\t<\/div>\n\t\t\t\t<\/div>\n\t\t\t\t<\/div>\n\t\t<div class=\"elementor-element elementor-element-fdcca43 e-con-full e-flex e-con e-child\" data-id=\"fdcca43\" data-element_type=\"container\" data-e-type=\"container\">\n\t\t\t\t<div class=\"elementor-element elementor-element-395ea67 elementor-widget elementor-widget-text-editor\" data-id=\"395ea67\" data-element_type=\"widget\" data-e-type=\"widget\" data-widget_type=\"text-editor.default\">\n\t\t\t\t<div class=\"elementor-widget-container\">\n\t\t\t\t\t\t\t\t\t<p>In tune with the times and geared towards convenience for guests in Klosters. A new building is being constructed on Gotschnastrasse.  Including a depot so that the bulky ski equipment no longer has to be carried through the village.\u00a0<\/p>\t\t\t\t\t\t\t\t<\/div>\n\t\t\t\t<\/div>\n\t\t\t\t<\/div>\n\t\t<div class=\"elementor-element elementor-element-94a69c1 e-con-full e-flex e-con e-child\" data-id=\"94a69c1\" data-element_type=\"container\" data-e-type=\"container\">\n\t\t\t\t<div class=\"elementor-element elementor-element-83b8790 elementor-widget elementor-widget-image\" data-id=\"83b8790\" data-element_type=\"widget\" data-e-type=\"widget\" data-widget_type=\"image.default\">\n\t\t\t\t<div class=\"elementor-widget-container\">\n\t\t\t\t\t\t\t\t\t\t\t\t\t\t\t<img alt=\"\" decoding=\"async\" width=\"800\" height=\"534\" src=\"https:\/\/www.bardill-sport.ch\/wp-content\/uploads\/2024\/12\/IMG_2667-2-1024x683.jpg\" class=\"attachment-large size-large wp-image-7066\" srcset=\"https:\/\/www.bardill-sport.ch\/wp-content\/uploads\/2024\/12\/IMG_2667-2-1024x683.jpg 1024w, https:\/\/www.bardill-sport.ch\/wp-content\/uploads\/2024\/12\/IMG_2667-2-300x200.jpg 300w, https:\/\/www.bardill-sport.ch\/wp-content\/uploads\/2024\/12\/IMG_2667-2-768x512.jpg 768w, https:\/\/www.bardill-sport.ch\/wp-content\/uploads\/2024\/12\/IMG_2667-2-1536x1024.jpg 1536w, https:\/\/www.bardill-sport.ch\/wp-content\/uploads\/2024\/12\/IMG_2667-2-2048x1366.jpg 2048w\" sizes=\"(max-width: 800px) 100vw, 800px\" \/>\t\t\t\t\t\t\t\t\t\t\t\t\t\t\t<\/div>\n\t\t\t\t<\/div>\n\t\t\t\t<\/div>\n\t\t\t\t\t<\/div>\n\t\t\t\t<\/div>\n\t\t<div class=\"elementor-element elementor-element-3863bdc e-flex e-con-boxed e-con e-parent\" data-id=\"3863bdc\" data-element_type=\"container\" data-e-type=\"container\">\n\t\t\t\t\t<div class=\"e-con-inner\">\n\t\t<div class=\"elementor-element elementor-element-7d04acd e-con-full e-flex e-con e-child\" data-id=\"7d04acd\" data-element_type=\"container\" data-e-type=\"container\">\n\t\t\t\t<div class=\"elementor-element elementor-element-ecfcc7c elementor-widget elementor-widget-image\" data-id=\"ecfcc7c\" data-element_type=\"widget\" data-e-type=\"widget\" data-widget_type=\"image.default\">\n\t\t\t\t<div class=\"elementor-widget-container\">\n\t\t\t\t\t\t\t\t\t\t\t\t\t\t\t<img alt=\"\" loading=\"lazy\" decoding=\"async\" width=\"800\" height=\"534\" src=\"https:\/\/www.bardill-sport.ch\/wp-content\/uploads\/2024\/09\/davos_galerie4-1024x683.jpg\" class=\"attachment-large size-large wp-image-5125\" srcset=\"https:\/\/www.bardill-sport.ch\/wp-content\/uploads\/2024\/09\/davos_galerie4-1024x683.jpg 1024w, https:\/\/www.bardill-sport.ch\/wp-content\/uploads\/2024\/09\/davos_galerie4-300x200.jpg 300w, https:\/\/www.bardill-sport.ch\/wp-content\/uploads\/2024\/09\/davos_galerie4-768x512.jpg 768w, https:\/\/www.bardill-sport.ch\/wp-content\/uploads\/2024\/09\/davos_galerie4.jpg 1500w\" sizes=\"(max-width: 800px) 100vw, 800px\" \/>\t\t\t\t\t\t\t\t\t\t\t\t\t\t\t<\/div>\n\t\t\t\t<\/div>\n\t\t\t\t<\/div>\n\t\t<div class=\"elementor-element elementor-element-c309f90 e-con-full e-flex e-con e-child\" data-id=\"c309f90\" data-element_type=\"container\" data-e-type=\"container\">\n\t\t\t\t<div class=\"elementor-element elementor-element-11322c6 elementor-widget elementor-widget-text-editor\" data-id=\"11322c6\" data-element_type=\"widget\" data-e-type=\"widget\" data-widget_type=\"text-editor.default\">\n\t\t\t\t<div class=\"elementor-widget-container\">\n\t\t\t\t\t\t\t\t\t<p>In 2009, Bardill Sport expands to Davos, right next to the Jakobshorn cable car.<\/p>\t\t\t\t\t\t\t\t<\/div>\n\t\t\t\t<\/div>\n\t\t\t\t<\/div>\n\t\t<div class=\"elementor-element elementor-element-9095525 e-con-full e-flex e-con e-child\" data-id=\"9095525\" data-element_type=\"container\" data-e-type=\"container\">\n\t\t\t\t<div class=\"elementor-element elementor-element-ad6f9ab elementor-widget elementor-widget-heading\" data-id=\"ad6f9ab\" data-element_type=\"widget\" data-e-type=\"widget\" data-widget_type=\"heading.default\">\n\t\t\t\t<div class=\"elementor-widget-container\">\n\t\t\t\t\t<h2 class=\"elementor-heading-title elementor-size-default\">2008<br>Bardill Sport Davos<\/h2>\t\t\t\t<\/div>\n\t\t\t\t<\/div>\n\t\t\t\t<\/div>\n\t\t\t\t\t<\/div>\n\t\t\t\t<\/div>\n\t\t<div class=\"elementor-element elementor-element-179dbd2 e-flex e-con-boxed e-con e-parent\" data-id=\"179dbd2\" data-element_type=\"container\" data-e-type=\"container\">\n\t\t\t\t\t<div class=\"e-con-inner\">\n\t\t<div class=\"elementor-element elementor-element-046ca3a e-con-full e-flex e-con e-child\" data-id=\"046ca3a\" data-element_type=\"container\" data-e-type=\"container\">\n\t\t\t\t<div class=\"elementor-element elementor-element-cf2b055 elementor-widget elementor-widget-heading\" data-id=\"cf2b055\" data-element_type=\"widget\" data-e-type=\"widget\" data-widget_type=\"heading.default\">\n\t\t\t\t<div class=\"elementor-widget-container\">\n\t\t\t\t\t<h2 class=\"elementor-heading-title elementor-size-default\">2016<br>Madrisa Sport<\/h2>\t\t\t\t<\/div>\n\t\t\t\t<\/div>\n\t\t\t\t<\/div>\n\t\t<div class=\"elementor-element elementor-element-d180358 e-con-full e-flex e-con e-child\" data-id=\"d180358\" data-element_type=\"container\" data-e-type=\"container\">\n\t\t\t\t<div class=\"elementor-element elementor-element-e4bcfed elementor-widget elementor-widget-text-editor\" data-id=\"e4bcfed\" data-element_type=\"widget\" data-e-type=\"widget\" data-widget_type=\"text-editor.default\">\n\t\t\t\t<div class=\"elementor-widget-container\">\n\t\t\t\t\t\t\t\t\t<p>The Heimberg in Klosters will be opened up with a small, fine rental station in 2016. Directly at the Madrisa mountain station.\u00a0<\/p>\t\t\t\t\t\t\t\t<\/div>\n\t\t\t\t<\/div>\n\t\t\t\t<\/div>\n\t\t<div class=\"elementor-element elementor-element-b7be0ac e-con-full e-flex e-con e-child\" data-id=\"b7be0ac\" data-element_type=\"container\" data-e-type=\"container\">\n\t\t\t\t<div class=\"elementor-element elementor-element-d632d91 elementor-widget elementor-widget-image\" data-id=\"d632d91\" data-element_type=\"widget\" data-e-type=\"widget\" data-widget_type=\"image.default\">\n\t\t\t\t<div class=\"elementor-widget-container\">\n\t\t\t\t\t\t\t\t\t\t\t\t\t\t\t<img alt=\"\" loading=\"lazy\" decoding=\"async\" width=\"800\" height=\"534\" src=\"https:\/\/www.bardill-sport.ch\/wp-content\/uploads\/2024\/12\/DSC_0992Malans-1024x683.jpg\" class=\"attachment-large size-large wp-image-7189\" srcset=\"https:\/\/www.bardill-sport.ch\/wp-content\/uploads\/2024\/12\/DSC_0992Malans-1024x683.jpg 1024w, https:\/\/www.bardill-sport.ch\/wp-content\/uploads\/2024\/12\/DSC_0992Malans-300x200.jpg 300w, https:\/\/www.bardill-sport.ch\/wp-content\/uploads\/2024\/12\/DSC_0992Malans-768x512.jpg 768w, https:\/\/www.bardill-sport.ch\/wp-content\/uploads\/2024\/12\/DSC_0992Malans-1536x1024.jpg 1536w, https:\/\/www.bardill-sport.ch\/wp-content\/uploads\/2024\/12\/DSC_0992Malans-2048x1366.jpg 2048w\" sizes=\"(max-width: 800px) 100vw, 800px\" \/>\t\t\t\t\t\t\t\t\t\t\t\t\t\t\t<\/div>\n\t\t\t\t<\/div>\n\t\t\t\t<\/div>\n\t\t\t\t\t<\/div>\n\t\t\t\t<\/div>\n\t\t<div class=\"elementor-element elementor-element-48ad380 e-flex e-con-boxed e-con e-parent\" data-id=\"48ad380\" data-element_type=\"container\" data-e-type=\"container\">\n\t\t\t\t\t<div class=\"e-con-inner\">\n\t\t<div class=\"elementor-element elementor-element-6f5b309 e-con-full e-flex e-con e-child\" data-id=\"6f5b309\" data-element_type=\"container\" data-e-type=\"container\">\n\t\t\t\t<div class=\"elementor-element elementor-element-01781d0 elementor-widget elementor-widget-image\" data-id=\"01781d0\" data-element_type=\"widget\" data-e-type=\"widget\" data-widget_type=\"image.default\">\n\t\t\t\t<div class=\"elementor-widget-container\">\n\t\t\t\t\t\t\t\t\t\t\t\t\t\t\t<img alt=\"\" loading=\"lazy\" decoding=\"async\" width=\"800\" height=\"534\" src=\"https:\/\/www.bardill-sport.ch\/wp-content\/uploads\/2024\/12\/IMG_2685-2-1024x683.jpg\" class=\"attachment-large size-large wp-image-7067\" srcset=\"https:\/\/www.bardill-sport.ch\/wp-content\/uploads\/2024\/12\/IMG_2685-2-1024x683.jpg 1024w, https:\/\/www.bardill-sport.ch\/wp-content\/uploads\/2024\/12\/IMG_2685-2-300x200.jpg 300w, https:\/\/www.bardill-sport.ch\/wp-content\/uploads\/2024\/12\/IMG_2685-2-768x512.jpg 768w, https:\/\/www.bardill-sport.ch\/wp-content\/uploads\/2024\/12\/IMG_2685-2-1536x1024.jpg 1536w, https:\/\/www.bardill-sport.ch\/wp-content\/uploads\/2024\/12\/IMG_2685-2-2048x1366.jpg 2048w\" sizes=\"(max-width: 800px) 100vw, 800px\" \/>\t\t\t\t\t\t\t\t\t\t\t\t\t\t\t<\/div>\n\t\t\t\t<\/div>\n\t\t\t\t<\/div>\n\t\t<div class=\"elementor-element elementor-element-d6779fe e-con-full e-flex e-con e-child\" data-id=\"d6779fe\" data-element_type=\"container\" data-e-type=\"container\">\n\t\t\t\t<div class=\"elementor-element elementor-element-81f678e elementor-widget elementor-widget-text-editor\" data-id=\"81f678e\" data-element_type=\"widget\" data-e-type=\"widget\" data-widget_type=\"text-editor.default\">\n\t\t\t\t<div class=\"elementor-widget-container\">\n\t\t\t\t\t\t\t\t\t<p>Simply and conveniently store your equipment in the depot instead of lugging it around. 200 new depots are being built under the Gotschnabahn<\/p>\t\t\t\t\t\t\t\t<\/div>\n\t\t\t\t<\/div>\n\t\t\t\t<\/div>\n\t\t<div class=\"elementor-element elementor-element-6d6867a e-con-full e-flex e-con e-child\" data-id=\"6d6867a\" data-element_type=\"container\" data-e-type=\"container\">\n\t\t\t\t<div class=\"elementor-element elementor-element-a195bd4 elementor-widget elementor-widget-heading\" data-id=\"a195bd4\" data-element_type=\"widget\" data-e-type=\"widget\" data-widget_type=\"heading.default\">\n\t\t\t\t<div class=\"elementor-widget-container\">\n\t\t\t\t\t<h2 class=\"elementor-heading-title elementor-size-default\">2016<br>Gotschnadepot<\/h2>\t\t\t\t<\/div>\n\t\t\t\t<\/div>\n\t\t\t\t<\/div>\n\t\t\t\t\t<\/div>\n\t\t\t\t<\/div>\n\t\t<div class=\"elementor-element elementor-element-118640d e-flex e-con-boxed e-con e-parent\" data-id=\"118640d\" data-element_type=\"container\" data-e-type=\"container\">\n\t\t\t\t\t<div class=\"e-con-inner\">\n\t\t<div class=\"elementor-element elementor-element-c04d135 e-con-full e-flex e-con e-child\" data-id=\"c04d135\" data-element_type=\"container\" data-e-type=\"container\">\n\t\t\t\t<div class=\"elementor-element elementor-element-ef2acfd elementor-widget__width-initial elementor-widget elementor-widget-heading\" data-id=\"ef2acfd\" data-element_type=\"widget\" data-e-type=\"widget\" data-widget_type=\"heading.default\">\n\t\t\t\t<div class=\"elementor-widget-container\">\n\t\t\t\t\t<h2 class=\"elementor-heading-title elementor-size-default\">2020<br>Budget<br>Store<\/h2>\t\t\t\t<\/div>\n\t\t\t\t<\/div>\n\t\t\t\t<\/div>\n\t\t<div class=\"elementor-element elementor-element-aad623f e-con-full e-flex e-con e-child\" data-id=\"aad623f\" data-element_type=\"container\" data-e-type=\"container\">\n\t\t\t\t<div class=\"elementor-element elementor-element-244de44 elementor-widget elementor-widget-text-editor\" data-id=\"244de44\" data-element_type=\"widget\" data-e-type=\"widget\" data-widget_type=\"text-editor.default\">\n\t\t\t\t<div class=\"elementor-widget-container\">\n\t\t\t\t\t\t\t\t\t<p>Albeina Sport is integrated into Bardill Sport.  The new budget store is created at this location.<\/p>\t\t\t\t\t\t\t\t<\/div>\n\t\t\t\t<\/div>\n\t\t\t\t<\/div>\n\t\t<div class=\"elementor-element elementor-element-678bda9 e-con-full e-flex e-con e-child\" data-id=\"678bda9\" data-element_type=\"container\" data-e-type=\"container\">\n\t\t\t\t<div class=\"elementor-element elementor-element-897a2cf elementor-widget elementor-widget-image\" data-id=\"897a2cf\" data-element_type=\"widget\" data-e-type=\"widget\" data-widget_type=\"image.default\">\n\t\t\t\t<div class=\"elementor-widget-container\">\n\t\t\t\t\t\t\t\t\t\t\t\t\t\t\t<img alt=\"\" loading=\"lazy\" decoding=\"async\" width=\"800\" height=\"534\" src=\"https:\/\/www.bardill-sport.ch\/wp-content\/uploads\/2025\/10\/R7A0606-2-1024x683.jpg\" class=\"attachment-large size-large wp-image-7846\" srcset=\"https:\/\/www.bardill-sport.ch\/wp-content\/uploads\/2025\/10\/R7A0606-2-1024x683.jpg 1024w, https:\/\/www.bardill-sport.ch\/wp-content\/uploads\/2025\/10\/R7A0606-2-300x200.jpg 300w, https:\/\/www.bardill-sport.ch\/wp-content\/uploads\/2025\/10\/R7A0606-2-768x512.jpg 768w, https:\/\/www.bardill-sport.ch\/wp-content\/uploads\/2025\/10\/R7A0606-2-1536x1024.jpg 1536w, https:\/\/www.bardill-sport.ch\/wp-content\/uploads\/2025\/10\/R7A0606-2-2048x1366.jpg 2048w, https:\/\/www.bardill-sport.ch\/wp-content\/uploads\/2025\/10\/R7A0606-2-18x12.jpg 18w\" sizes=\"(max-width: 800px) 100vw, 800px\" \/>\t\t\t\t\t\t\t\t\t\t\t\t\t\t\t<\/div>\n\t\t\t\t<\/div>\n\t\t\t\t<\/div>\n\t\t\t\t\t<\/div>\n\t\t\t\t<\/div>\n\t\t<div class=\"elementor-element elementor-element-16f1296 e-flex e-con-boxed e-con e-parent\" data-id=\"16f1296\" data-element_type=\"container\" data-e-type=\"container\">\n\t\t\t\t\t<div class=\"e-con-inner\">\n\t\t<div class=\"elementor-element elementor-element-46b6bc4 e-con-full e-flex e-con e-child\" data-id=\"46b6bc4\" data-element_type=\"container\" data-e-type=\"container\">\n\t\t\t\t<div class=\"elementor-element elementor-element-d9f4911 elementor-widget elementor-widget-image\" data-id=\"d9f4911\" data-element_type=\"widget\" data-e-type=\"widget\" data-widget_type=\"image.default\">\n\t\t\t\t<div class=\"elementor-widget-container\">\n\t\t\t\t\t\t\t\t\t\t\t\t\t\t\t<img alt=\"\" loading=\"lazy\" decoding=\"async\" width=\"800\" height=\"534\" src=\"https:\/\/www.bardill-sport.ch\/wp-content\/uploads\/2025\/10\/R7A7965-1024x683.jpg\" class=\"attachment-large size-large wp-image-7847\" srcset=\"https:\/\/www.bardill-sport.ch\/wp-content\/uploads\/2025\/10\/R7A7965-1024x683.jpg 1024w, https:\/\/www.bardill-sport.ch\/wp-content\/uploads\/2025\/10\/R7A7965-300x200.jpg 300w, https:\/\/www.bardill-sport.ch\/wp-content\/uploads\/2025\/10\/R7A7965-768x512.jpg 768w, https:\/\/www.bardill-sport.ch\/wp-content\/uploads\/2025\/10\/R7A7965-1536x1024.jpg 1536w, https:\/\/www.bardill-sport.ch\/wp-content\/uploads\/2025\/10\/R7A7965-2048x1366.jpg 2048w, https:\/\/www.bardill-sport.ch\/wp-content\/uploads\/2025\/10\/R7A7965-18x12.jpg 18w\" sizes=\"(max-width: 800px) 100vw, 800px\" \/>\t\t\t\t\t\t\t\t\t\t\t\t\t\t\t<\/div>\n\t\t\t\t<\/div>\n\t\t\t\t<div class=\"elementor-element elementor-element-9161ea9 elementor-widget elementor-widget-image\" data-id=\"9161ea9\" data-element_type=\"widget\" data-e-type=\"widget\" data-widget_type=\"image.default\">\n\t\t\t\t<div class=\"elementor-widget-container\">\n\t\t\t\t\t\t\t\t\t\t\t\t\t\t\t<img alt=\"\" loading=\"lazy\" decoding=\"async\" width=\"800\" height=\"534\" src=\"https:\/\/www.bardill-sport.ch\/wp-content\/uploads\/2024\/12\/IMG_1929-HDR-1024x683.jpg\" class=\"attachment-large size-large wp-image-6945\" srcset=\"https:\/\/www.bardill-sport.ch\/wp-content\/uploads\/2024\/12\/IMG_1929-HDR-1024x683.jpg 1024w, https:\/\/www.bardill-sport.ch\/wp-content\/uploads\/2024\/12\/IMG_1929-HDR-300x200.jpg 300w, https:\/\/www.bardill-sport.ch\/wp-content\/uploads\/2024\/12\/IMG_1929-HDR-768x512.jpg 768w, https:\/\/www.bardill-sport.ch\/wp-content\/uploads\/2024\/12\/IMG_1929-HDR-1536x1024.jpg 1536w, https:\/\/www.bardill-sport.ch\/wp-content\/uploads\/2024\/12\/IMG_1929-HDR-2048x1366.jpg 2048w\" sizes=\"(max-width: 800px) 100vw, 800px\" \/>\t\t\t\t\t\t\t\t\t\t\t\t\t\t\t<\/div>\n\t\t\t\t<\/div>\n\t\t\t\t<\/div>\n\t\t<div class=\"elementor-element elementor-element-0977a4b e-con-full e-flex e-con e-child\" data-id=\"0977a4b\" data-element_type=\"container\" data-e-type=\"container\">\n\t\t\t\t<div class=\"elementor-element elementor-element-9f6f5fa elementor-widget elementor-widget-text-editor\" data-id=\"9f6f5fa\" data-element_type=\"widget\" data-e-type=\"widget\" data-widget_type=\"text-editor.default\">\n\t\t\t\t<div class=\"elementor-widget-container\">\n\t\t\t\t\t\t\t\t\t<p>The main store is rebuilt and adapted to the new requirements<\/p>\t\t\t\t\t\t\t\t<\/div>\n\t\t\t\t<\/div>\n\t\t\t\t<\/div>\n\t\t\t\t<div class=\"elementor-element elementor-element-5216a52 elementor-widget elementor-widget-heading\" data-id=\"5216a52\" data-element_type=\"widget\" data-e-type=\"widget\" data-widget_type=\"heading.default\">\n\t\t\t\t<div class=\"elementor-widget-container\">\n\t\t\t\t\t<h2 class=\"elementor-heading-title elementor-size-default\">2023<br>The new dress<\/h2>\t\t\t\t<\/div>\n\t\t\t\t<\/div>\n\t\t\t\t\t<\/div>\n\t\t\t\t<\/div>\n\t\t<div class=\"elementor-element elementor-element-52f05d5 e-flex e-con-boxed e-con e-parent\" data-id=\"52f05d5\" data-element_type=\"container\" data-e-type=\"container\">\n\t\t\t\t\t<div class=\"e-con-inner\">\n\t\t\t\t\t<\/div>\n\t\t\t\t<\/div>\n\t\t\t\t<\/div>","protected":false},"excerpt":{"rendered":"<p>1990Die Reise Beginnt Christian Bardill, startet in Klosters Dorf mit dem Albeina Sport, in die Eigenst\u00e4ndigkeit im Sportfachhandel. Mit der \u00fcbernahme von dem ehmaligen Casparis Sport in Klosters Platz. Wird auch der neue Name Bardill Sport eingef\u00fchrt.\u00a0 Als erstes wurde Tatkr\u00e4ftig renoviert, so das den Kunden ein Neuartiges Einkauferlebniss zu bieten. 2000Auf in denPlatz 2006Mietcenter [&hellip;]<\/p>\n","protected":false},"author":2,"featured_media":0,"parent":0,"menu_order":6,"comment_status":"closed","ping_status":"closed","template":"","meta":{"_seopress_robots_primary_cat":"","_seopress_titles_title":"","_seopress_titles_desc":"","_seopress_robots_index":"","footnotes":""},"folder":[],"class_list":["post-4303","page","type-page","status-publish","hentry"],"_links":{"self":[{"href":"https:\/\/www.bardill-sport.ch\/en\/wp-json\/wp\/v2\/pages\/4303","targetHints":{"allow":["GET"]}}],"collection":[{"href":"https:\/\/www.bardill-sport.ch\/en\/wp-json\/wp\/v2\/pages"}],"about":[{"href":"https:\/\/www.bardill-sport.ch\/en\/wp-json\/wp\/v2\/types\/page"}],"author":[{"embeddable":true,"href":"https:\/\/www.bardill-sport.ch\/en\/wp-json\/wp\/v2\/users\/2"}],"replies":[{"embeddable":true,"href":"https:\/\/www.bardill-sport.ch\/en\/wp-json\/wp\/v2\/comments?post=4303"}],"version-history":[{"count":10,"href":"https:\/\/www.bardill-sport.ch\/en\/wp-json\/wp\/v2\/pages\/4303\/revisions"}],"predecessor-version":[{"id":7853,"href":"https:\/\/www.bardill-sport.ch\/en\/wp-json\/wp\/v2\/pages\/4303\/revisions\/7853"}],"wp:attachment":[{"href":"https:\/\/www.bardill-sport.ch\/en\/wp-json\/wp\/v2\/media?parent=4303"}],"wp:term":[{"taxonomy":"folder","embeddable":true,"href":"https:\/\/www.bardill-sport.ch\/en\/wp-json\/wp\/v2\/folder?post=4303"}],"curies":[{"name":"wp","href":"https:\/\/api.w.org\/{rel}","templated":true}]}}