{"id":4295,"date":"2024-08-27T14:34:55","date_gmt":"2024-08-27T12:34:55","guid":{"rendered":"https:\/\/bardill.aretis-staging.ch\/?page_id=4295"},"modified":"2025-10-14T11:07:30","modified_gmt":"2025-10-14T09:07:30","slug":"summer","status":"publish","type":"page","link":"https:\/\/www.bardill-sport.ch\/en\/sommer\/","title":{"rendered":"Summer"},"content":{"rendered":"<div data-elementor-type=\"wp-page\" data-elementor-id=\"4295\" class=\"elementor elementor-4295\" data-elementor-post-type=\"page\">\n\t\t\t\t<div class=\"elementor-element elementor-element-70f4dcf e-flex e-con-boxed e-con e-parent\" data-id=\"70f4dcf\" data-element_type=\"container\" data-e-type=\"container\" data-settings=\"{&quot;background_background&quot;:&quot;classic&quot;}\">\n\t\t\t\t\t<div class=\"e-con-inner\">\n\t\t\t\t\t<\/div>\n\t\t\t\t<\/div>\n\t\t<div class=\"elementor-element elementor-element-c2e6fd8 e-flex e-con-boxed e-con e-parent\" data-id=\"c2e6fd8\" data-element_type=\"container\" data-e-type=\"container\">\n\t\t\t\t\t<div class=\"e-con-inner\">\n\t\t<div class=\"elementor-element elementor-element-2a377a7 e-con-full e-flex e-con e-child\" data-id=\"2a377a7\" data-element_type=\"container\" data-e-type=\"container\">\n\t\t\t\t<div class=\"elementor-element elementor-element-2a21f8d elementor-widget elementor-widget-heading\" data-id=\"2a21f8d\" data-element_type=\"widget\" data-e-type=\"widget\" data-widget_type=\"heading.default\">\n\t\t\t\t<div class=\"elementor-widget-container\">\n\t\t\t\t\t<h1 class=\"elementor-heading-title elementor-size-default\">Summer with Bardill<\/h1>\t\t\t\t<\/div>\n\t\t\t\t<\/div>\n\t\t\t\t<div class=\"elementor-element elementor-element-413e63c elementor-widget-divider--view-line elementor-widget elementor-widget-divider\" data-id=\"413e63c\" data-element_type=\"widget\" data-e-type=\"widget\" data-widget_type=\"divider.default\">\n\t\t\t\t<div class=\"elementor-widget-container\">\n\t\t\t\t\t\t\t<div class=\"elementor-divider\">\n\t\t\t<span class=\"elementor-divider-separator\">\n\t\t\t\t\t\t<\/span>\n\t\t<\/div>\n\t\t\t\t\t\t<\/div>\n\t\t\t\t<\/div>\n\t\t\t\t<\/div>\n\t\t<div class=\"elementor-element elementor-element-aa31cc4 e-con-full e-flex e-con e-child\" data-id=\"aa31cc4\" data-element_type=\"container\" data-e-type=\"container\">\n\t\t<div class=\"elementor-element elementor-element-4a0dc1c e-con-full e-flex e-con e-child\" data-id=\"4a0dc1c\" data-element_type=\"container\" data-e-type=\"container\">\n\t\t\t\t<div class=\"elementor-element elementor-element-005a70a elementor-widget elementor-widget-heading\" data-id=\"005a70a\" data-element_type=\"widget\" data-e-type=\"widget\" data-widget_type=\"heading.default\">\n\t\t\t\t<div class=\"elementor-widget-container\">\n\t\t\t\t\t<h3 class=\"elementor-heading-title elementor-size-default\">Bike sales<\/h3>\t\t\t\t<\/div>\n\t\t\t\t<\/div>\n\t\t\t\t<div class=\"elementor-element elementor-element-d24f637 elementor-widget elementor-widget-text-editor\" data-id=\"d24f637\" data-element_type=\"widget\" data-e-type=\"widget\" data-widget_type=\"text-editor.default\">\n\t\t\t\t<div class=\"elementor-widget-container\">\n\t\t\t\t\t\t\t\t\t<p>Our bike center is open for you: we stock various bikes from leading manufacturers, which you can buy or rent from us. Our experienced staff will look after your bike, repair defects and give you helpful tips.<\/p>\t\t\t\t\t\t\t\t<\/div>\n\t\t\t\t<\/div>\n\t\t\t\t<\/div>\n\t\t<div class=\"elementor-element elementor-element-22be0c3 e-con-full e-flex e-con e-child\" data-id=\"22be0c3\" data-element_type=\"container\" data-e-type=\"container\">\n\t\t\t\t<div class=\"elementor-element elementor-element-d6ebddb elementor-widget elementor-widget-heading\" data-id=\"d6ebddb\" data-element_type=\"widget\" data-e-type=\"widget\" data-widget_type=\"heading.default\">\n\t\t\t\t<div class=\"elementor-widget-container\">\n\t\t\t\t\t<h3 class=\"elementor-heading-title elementor-size-default\">Hiking<\/h3>\t\t\t\t<\/div>\n\t\t\t\t<\/div>\n\t\t\t\t<div class=\"elementor-element elementor-element-aab57e8 elementor-widget elementor-widget-text-editor\" data-id=\"aab57e8\" data-element_type=\"widget\" data-e-type=\"widget\" data-widget_type=\"text-editor.default\">\n\t\t\t\t<div class=\"elementor-widget-container\">\n\t\t\t\t\t\t\t\t\tFinally up the mountain again, enjoy nature and forget the daily grind. We have the ideal equipment for everyone, from hiking boots to trekking rucksacks. You are well advised with our range.\n\t\t\t\t\t\t\t\t<\/div>\n\t\t\t\t<\/div>\n\t\t\t\t<\/div>\n\t\t\t\t<\/div>\n\t\t\t\t\t<\/div>\n\t\t\t\t<\/div>\n\t\t<div class=\"elementor-element elementor-element-22475a8 e-flex e-con-boxed e-con e-parent\" data-id=\"22475a8\" data-element_type=\"container\" data-e-type=\"container\" data-settings=\"{&quot;background_background&quot;:&quot;classic&quot;}\">\n\t\t\t\t\t<div class=\"e-con-inner\">\n\t\t<div class=\"elementor-element elementor-element-dadbd0c e-con-full e-flex e-con e-child\" data-id=\"dadbd0c\" data-element_type=\"container\" data-e-type=\"container\">\n\t\t<div class=\"elementor-element elementor-element-fe0066c e-con-full e-flex elementor-invisible e-con e-child\" data-id=\"fe0066c\" data-element_type=\"container\" data-e-type=\"container\" data-settings=\"{&quot;background_background&quot;:&quot;classic&quot;,&quot;animation&quot;:&quot;fadeIn&quot;}\">\n\t\t\t\t<div class=\"elementor-element elementor-element-c7b72fb elementor-widget elementor-widget-image\" data-id=\"c7b72fb\" data-element_type=\"widget\" data-e-type=\"widget\" data-widget_type=\"image.default\">\n\t\t\t\t<div class=\"elementor-widget-container\">\n\t\t\t\t\t\t\t\t\t\t\t\t\t\t\t<img alt=\"\" fetchpriority=\"high\" decoding=\"async\" width=\"1500\" height=\"1000\" src=\"https:\/\/www.bardill-sport.ch\/wp-content\/uploads\/2024\/10\/sommer_fashion.jpg\" class=\"attachment-full size-full wp-image-5848\" srcset=\"https:\/\/www.bardill-sport.ch\/wp-content\/uploads\/2024\/10\/sommer_fashion.jpg 1500w, https:\/\/www.bardill-sport.ch\/wp-content\/uploads\/2024\/10\/sommer_fashion-300x200.jpg 300w, https:\/\/www.bardill-sport.ch\/wp-content\/uploads\/2024\/10\/sommer_fashion-1024x683.jpg 1024w, https:\/\/www.bardill-sport.ch\/wp-content\/uploads\/2024\/10\/sommer_fashion-768x512.jpg 768w\" sizes=\"(max-width: 1500px) 100vw, 1500px\" \/>\t\t\t\t\t\t\t\t\t\t\t\t\t\t\t<\/div>\n\t\t\t\t<\/div>\n\t\t<div class=\"elementor-element elementor-element-6f3e331 e-con-full e-flex e-con e-child\" data-id=\"6f3e331\" data-element_type=\"container\" data-e-type=\"container\">\n\t\t\t\t<div class=\"elementor-element elementor-element-853c14c elementor-widget elementor-widget-heading\" data-id=\"853c14c\" data-element_type=\"widget\" data-e-type=\"widget\" data-widget_type=\"heading.default\">\n\t\t\t\t<div class=\"elementor-widget-container\">\n\t\t\t\t\t<h2 class=\"elementor-heading-title elementor-size-default\">OUTDOOR Fashion<\/h2>\t\t\t\t<\/div>\n\t\t\t\t<\/div>\n\t\t\t\t<div class=\"elementor-element elementor-element-92cf827 elementor-widget elementor-widget-text-editor\" data-id=\"92cf827\" data-element_type=\"widget\" data-e-type=\"widget\" data-widget_type=\"text-editor.default\">\n\t\t\t\t<div class=\"elementor-widget-container\">\n\t\t\t\t\t\t\t\t\t<p>In summer, Bardill Sport offers lightweight and functional fashion for outdoor activities. Whether hiking, climbing or trekking - the summer collection combines comfort and style. Breathable materials ensure a pleasant feel in warm temperatures. Fashionable designs make the clothing suitable for everyday wear without compromising on functionality. Brands such as Martini, Tjhe North Face and La Munt stand for quality and sustainability. Perfectly equipped for all summer adventures!<\/p>\t\t\t\t\t\t\t\t<\/div>\n\t\t\t\t<\/div>\n\t\t\t\t<div class=\"elementor-element elementor-element-711b804 elementor-widget elementor-widget-button\" data-id=\"711b804\" data-element_type=\"widget\" data-e-type=\"widget\" data-widget_type=\"button.default\">\n\t\t\t\t<div class=\"elementor-widget-container\">\n\t\t\t\t\t\t\t\t\t<div class=\"elementor-button-wrapper\">\n\t\t\t\t\t<a class=\"elementor-button elementor-button-link elementor-size-sm\" href=\"https:\/\/www.bardill-sport.ch\/en\/summer\/fashion\/\">\n\t\t\t\t\t\t<span class=\"elementor-button-content-wrapper\">\n\t\t\t\t\t\t\t\t\t<span class=\"elementor-button-text\">Learn more<\/span>\n\t\t\t\t\t<\/span>\n\t\t\t\t\t<\/a>\n\t\t\t\t<\/div>\n\t\t\t\t\t\t\t\t<\/div>\n\t\t\t\t<\/div>\n\t\t\t\t<\/div>\n\t\t\t\t<\/div>\n\t\t<div class=\"elementor-element elementor-element-9f49ebc e-con-full e-flex elementor-invisible e-con e-child\" data-id=\"9f49ebc\" data-element_type=\"container\" data-e-type=\"container\" data-settings=\"{&quot;background_background&quot;:&quot;classic&quot;,&quot;animation&quot;:&quot;fadeIn&quot;}\">\n\t\t<div class=\"elementor-element elementor-element-c69c9dd e-con-full e-flex elementor-invisible e-con e-child\" data-id=\"c69c9dd\" data-element_type=\"container\" data-e-type=\"container\" data-settings=\"{&quot;background_background&quot;:&quot;classic&quot;,&quot;animation&quot;:&quot;fadeIn&quot;}\">\n\t\t<div class=\"elementor-element elementor-element-4967f7f e-con-full e-flex e-con e-child\" data-id=\"4967f7f\" data-element_type=\"container\" data-e-type=\"container\" data-settings=\"{&quot;background_background&quot;:&quot;classic&quot;}\">\n\t\t\t\t<div class=\"elementor-element elementor-element-a641b43 elementor-widget elementor-widget-spacer\" data-id=\"a641b43\" data-element_type=\"widget\" data-e-type=\"widget\" data-widget_type=\"spacer.default\">\n\t\t\t\t<div class=\"elementor-widget-container\">\n\t\t\t\t\t\t\t<div class=\"elementor-spacer\">\n\t\t\t<div class=\"elementor-spacer-inner\"><\/div>\n\t\t<\/div>\n\t\t\t\t\t\t<\/div>\n\t\t\t\t<\/div>\n\t\t\t\t<\/div>\n\t\t<div class=\"elementor-element elementor-element-3408469 e-con-full e-flex e-con e-child\" data-id=\"3408469\" data-element_type=\"container\" data-e-type=\"container\">\n\t\t\t\t<div class=\"elementor-element elementor-element-ab02478 elementor-widget elementor-widget-heading\" data-id=\"ab02478\" data-element_type=\"widget\" data-e-type=\"widget\" data-widget_type=\"heading.default\">\n\t\t\t\t<div class=\"elementor-widget-container\">\n\t\t\t\t\t<h2 class=\"elementor-heading-title elementor-size-default\">Hiking<\/h2>\t\t\t\t<\/div>\n\t\t\t\t<\/div>\n\t\t\t\t<div class=\"elementor-element elementor-element-bdcfc37 elementor-widget elementor-widget-text-editor\" data-id=\"bdcfc37\" data-element_type=\"widget\" data-e-type=\"widget\" data-widget_type=\"text-editor.default\">\n\t\t\t\t<div class=\"elementor-widget-container\">\n\t\t\t\t\t\t\t\t\tBardill Sport has everything for hiking fans: robust shoes, functional clothing and top equipment. Perfect for comfortable and safe tours in the great outdoors.\t\t\t\t\t\t\t\t<\/div>\n\t\t\t\t<\/div>\n\t\t\t\t<div class=\"elementor-element elementor-element-db2023d elementor-widget elementor-widget-button\" data-id=\"db2023d\" data-element_type=\"widget\" data-e-type=\"widget\" data-widget_type=\"button.default\">\n\t\t\t\t<div class=\"elementor-widget-container\">\n\t\t\t\t\t\t\t\t\t<div class=\"elementor-button-wrapper\">\n\t\t\t\t\t<a class=\"elementor-button elementor-button-link elementor-size-sm\" href=\"https:\/\/www.bardill-sport.ch\/en\/summer\/hike\/\">\n\t\t\t\t\t\t<span class=\"elementor-button-content-wrapper\">\n\t\t\t\t\t\t\t\t\t<span class=\"elementor-button-text\">Learn more<\/span>\n\t\t\t\t\t<\/span>\n\t\t\t\t\t<\/a>\n\t\t\t\t<\/div>\n\t\t\t\t\t\t\t\t<\/div>\n\t\t\t\t<\/div>\n\t\t\t\t<\/div>\n\t\t\t\t<\/div>\n\t\t<div class=\"elementor-element elementor-element-de45721 e-con-full e-flex elementor-invisible e-con e-child\" data-id=\"de45721\" data-element_type=\"container\" data-e-type=\"container\" data-settings=\"{&quot;background_background&quot;:&quot;classic&quot;,&quot;animation&quot;:&quot;fadeIn&quot;}\">\n\t\t<div class=\"elementor-element elementor-element-12a7396 e-con-full e-flex e-con e-child\" data-id=\"12a7396\" data-element_type=\"container\" data-e-type=\"container\" data-settings=\"{&quot;background_background&quot;:&quot;classic&quot;}\">\n\t\t\t\t<div class=\"elementor-element elementor-element-6229fbc elementor-widget elementor-widget-spacer\" data-id=\"6229fbc\" data-element_type=\"widget\" data-e-type=\"widget\" data-widget_type=\"spacer.default\">\n\t\t\t\t<div class=\"elementor-widget-container\">\n\t\t\t\t\t\t\t<div class=\"elementor-spacer\">\n\t\t\t<div class=\"elementor-spacer-inner\"><\/div>\n\t\t<\/div>\n\t\t\t\t\t\t<\/div>\n\t\t\t\t<\/div>\n\t\t\t\t<\/div>\n\t\t<div class=\"elementor-element elementor-element-035e8bb e-con-full e-flex e-con e-child\" data-id=\"035e8bb\" data-element_type=\"container\" data-e-type=\"container\">\n\t\t\t\t<div class=\"elementor-element elementor-element-c0e5055 elementor-widget elementor-widget-heading\" data-id=\"c0e5055\" data-element_type=\"widget\" data-e-type=\"widget\" data-widget_type=\"heading.default\">\n\t\t\t\t<div class=\"elementor-widget-container\">\n\t\t\t\t\t<h2 class=\"elementor-heading-title elementor-size-default\">Bike<\/h2>\t\t\t\t<\/div>\n\t\t\t\t<\/div>\n\t\t\t\t<div class=\"elementor-element elementor-element-e572034 elementor-widget elementor-widget-text-editor\" data-id=\"e572034\" data-element_type=\"widget\" data-e-type=\"widget\" data-widget_type=\"text-editor.default\">\n\t\t\t\t<div class=\"elementor-widget-container\">\n\t\t\t\t\t\t\t\t\t<p>Bardill Sport offers high-quality bikes for every terrain. From mountain bikes to e-bikes, accompanied by expert advice. Ideal for riding fun and optimum performance on two wheels.<\/p>\t\t\t\t\t\t\t\t<\/div>\n\t\t\t\t<\/div>\n\t\t\t\t<div class=\"elementor-element elementor-element-ef529c1 elementor-widget elementor-widget-button\" data-id=\"ef529c1\" data-element_type=\"widget\" data-e-type=\"widget\" data-widget_type=\"button.default\">\n\t\t\t\t<div class=\"elementor-widget-container\">\n\t\t\t\t\t\t\t\t\t<div class=\"elementor-button-wrapper\">\n\t\t\t\t\t<a class=\"elementor-button elementor-button-link elementor-size-sm\" href=\"https:\/\/www.bardill-sport.ch\/en\/summer\/bike\/\">\n\t\t\t\t\t\t<span class=\"elementor-button-content-wrapper\">\n\t\t\t\t\t\t\t\t\t<span class=\"elementor-button-text\">Learn more<\/span>\n\t\t\t\t\t<\/span>\n\t\t\t\t\t<\/a>\n\t\t\t\t<\/div>\n\t\t\t\t\t\t\t\t<\/div>\n\t\t\t\t<\/div>\n\t\t\t\t<\/div>\n\t\t\t\t<\/div>\n\t\t\t\t<\/div>\n\t\t\t\t<\/div>\n\t\t\t\t\t<\/div>\n\t\t\t\t<\/div>\n\t\t\t\t<\/div>","protected":false},"excerpt":{"rendered":"<p>Sommer mit Bardill Bike-Verkauf Unser Bike-Center hat f\u00fcr Sie ge\u00f6ffnet: wir f\u00fchren diverse Bikes f\u00fchrender Hersteller, die Sie bei uns kaufen oder auch mieten k\u00f6nnen. Unsere erfahrenen Mitarbeiter k\u00fcmmern sich um Ihr Bike, reparieren Defekte und geben Ihnen hilfreiche Tipps. Wandern Endlich wieder rauf auf den Berg, die Natur geniessen und den Alltag vergessen. Wir [&hellip;]<\/p>\n","protected":false},"author":2,"featured_media":0,"parent":0,"menu_order":4,"comment_status":"closed","ping_status":"closed","template":"","meta":{"_seopress_robots_primary_cat":"","_seopress_titles_title":"","_seopress_titles_desc":"","_seopress_robots_index":"","footnotes":""},"folder":[],"class_list":["post-4295","page","type-page","status-publish","hentry"],"_links":{"self":[{"href":"https:\/\/www.bardill-sport.ch\/en\/wp-json\/wp\/v2\/pages\/4295","targetHints":{"allow":["GET"]}}],"collection":[{"href":"https:\/\/www.bardill-sport.ch\/en\/wp-json\/wp\/v2\/pages"}],"about":[{"href":"https:\/\/www.bardill-sport.ch\/en\/wp-json\/wp\/v2\/types\/page"}],"author":[{"embeddable":true,"href":"https:\/\/www.bardill-sport.ch\/en\/wp-json\/wp\/v2\/users\/2"}],"replies":[{"embeddable":true,"href":"https:\/\/www.bardill-sport.ch\/en\/wp-json\/wp\/v2\/comments?post=4295"}],"version-history":[{"count":10,"href":"https:\/\/www.bardill-sport.ch\/en\/wp-json\/wp\/v2\/pages\/4295\/revisions"}],"predecessor-version":[{"id":7770,"href":"https:\/\/www.bardill-sport.ch\/en\/wp-json\/wp\/v2\/pages\/4295\/revisions\/7770"}],"wp:attachment":[{"href":"https:\/\/www.bardill-sport.ch\/en\/wp-json\/wp\/v2\/media?parent=4295"}],"wp:term":[{"taxonomy":"folder","embeddable":true,"href":"https:\/\/www.bardill-sport.ch\/en\/wp-json\/wp\/v2\/folder?post=4295"}],"curies":[{"name":"wp","href":"https:\/\/api.w.org\/{rel}","templated":true}]}}